{"id":12321,"date":"2024-07-13T14:46:58","date_gmt":"2024-07-13T14:46:58","guid":{"rendered":"https:\/\/pulsehost.net\/migrate-to-us\/"},"modified":"2024-08-13T12:17:34","modified_gmt":"2024-08-13T12:17:34","slug":"umzug","status":"publish","type":"page","link":"https:\/\/pulsehost.net\/de\/umzug\/","title":{"rendered":"Webseite umziehen"},"content":{"rendered":"\t\t<div data-elementor-type=\"wp-page\" data-elementor-id=\"12321\" class=\"elementor elementor-12321 elementor-12272\">\n\t\t\t\t<div class=\"elementor-element elementor-element-8cbfb6b e-con-full e-flex e-con e-parent\" data-id=\"8cbfb6b\" data-element_type=\"container\" data-settings=\"{&quot;background_background&quot;:&quot;classic&quot;}\">\n\t\t<div class=\"elementor-element elementor-element-455cd34 e-flex e-con-boxed e-con e-child\" data-id=\"455cd34\" data-element_type=\"container\">\n\t\t\t\t\t<div class=\"e-con-inner\">\n\t\t<div class=\"elementor-element elementor-element-bbc2ece e-con-full e-flex e-con e-child\" data-id=\"bbc2ece\" data-element_type=\"container\">\n\t\t\t\t<div class=\"elementor-element elementor-element-cfcda26 elementor-widget__width-initial elementor-widget-tablet__width-inherit elementor-widget elementor-widget-react-heading\" data-id=\"cfcda26\" data-element_type=\"widget\" data-widget_type=\"react-heading.default\">\n\t\t\t\t<div class=\"elementor-widget-container\">\n\t\t\t\r\n\t\t<div data-sal=\"slide-down\" data-sal-delay=\"300\" data-sal-duration=\"800\"  class=\"react-heading slide-down default start title-border-no\">\r\n\t\t\t<div class=\"title-inner no\">\r\n\t\t\t\t<div><span class=\"sub-text word-line\">Migration Ihrer Webseite<\/span><\/div><h1 class=\"title word-line\">Wie wir Ihre Webseite zu PULSEHOST umziehen<\/h1>\r\n\r\n\t\t\t<\/div>\r\n\t\t\t\t\t\t\t\t\t\t<div  class=\"content\">\r\n\t\t\t\t\t\t\t\t\t\t<p class=\"description\">\r\n\t\t\t\t\t\tEin paar einfache Schritte, um zu uns zu migrieren. Wir machen die Arbeit, Sie k\u00f6nnen genie\u00dfen. \t\t\t\t\t<\/p>\r\n\t\t\t\t<\/div>\r\n\t\t\t\t\t\t\t\t\t\t\t\t\r\n\t\t<\/div>\r\n\r\n\t\t<script>\r\n\r\n\t\t\tjQuery(document).ready(function(){\r\n\r\n\t\t\tlet addAnimation = function () {\r\n\t\t\tjQuery(\".skew-up\").each(function (index) {\r\n\t\t\t\tconst text = new SplitType(jQuery(this), {\r\n\t\t\t\ttypes: \"lines, words\",\r\n\t\t\t\tlineClass: \"word-line\"\r\n\t\t\t\t});    let textInstance = jQuery(this);\r\n\t\t\t\tlet line = textInstance.find(\".word-line\");\r\n\t\t\t\tlet word = line.find(\".word\");    \r\n\t\t\t\t\r\n\t\t\t\tlet tl = gsap.timeline({\r\n\t\t\t\tscrollTrigger: {\r\n\t\t\t\t\ttrigger: textInstance,\r\n\t\t\t\t\tstart: \"top 85%\",\r\n\t\t\t\t\tend: \"top 100%\",\r\n\t\t\t\t\tonComplete: function () {\r\n\t\t\t\t\tjQuery(textInstance).removeClass(\"skew-up\");\r\n\t\t\t\t\t}\r\n\t\t\t\t}\r\n\t\t\t\t});    tl.set(textInstance, { opacity: 1 }).from(word, {\r\n\t\t\t\ty: \"100%\",\r\n\t\t\t\tskewX: \"+5\",\r\n\t\t\t\tduration: 2,\r\n\t\t\t\tstagger: 0.03,\r\n\t\t\t\tease: \"expo.out\"\r\n\t\t\t\t});\r\n\t\t\t});\r\n\r\n\t\t\t};addAnimation();window.addEventListener(\"resize\", function (event) {\r\n\t\t\t\tif (jQuery(window).width() >= 992) {addAnimation(); }\r\n\t\t\t});\r\n\r\n\r\n\t\t\t\r\n\r\n\t\t});\r\n   \r\n\t\t<\/script>\r\n\t\t<\/div>\n\t\t\t\t<\/div>\n\t\t\t\t<div class=\"elementor-element elementor-element-3746f77 elementor-widget elementor-widget-rts-btn\" data-id=\"3746f77\" data-element_type=\"widget\" data-widget_type=\"rts-btn.default\">\n\t\t\t\t<div class=\"elementor-widget-container\">\n\t\t\t\t\r\n\t\t\r\n\t\t<div class=\"rts-btn-wrapper  hide-sticky\">\r\n\t\t\t\t\t\t<a class=\"rts-btn \nWarning: Undefined array key \"align\" in \/home\/httpd\/vhosts\/sallnet.com\/pulsehost.net\/wp-content\/plugins\/rt-elements\/widgets\/button\/button.php on line 622\n third__btn md__btn\" href=\"https:\/\/pulsehost.net\/migration\/#migration\" >\t\t\t\t\r\n\t\t\t\r\n\t\t\t\t\r\n\t\t\t<span class=\"btn_text\">Buchen Sie den Umzug jetzt.<\/span>\r\n\t\t\t\t\t\t\t\t\t<i aria-hidden=\"true\" class=\"rt rt-arrow-right-regular\"><\/i>\t\t\t\t\r\n\t\t\t\t\t\t\t<\/a>\r\n\t\t\t\t\t<\/div>    \r\n\t\t\t<\/div>\n\t\t\t\t<\/div>\n\t\t\t\t<\/div>\n\t\t<div class=\"elementor-element elementor-element-c6e9d94 e-con-full e-flex e-con e-child\" data-id=\"c6e9d94\" data-element_type=\"container\">\n\t\t\t\t<div class=\"elementor-element elementor-element-d7033c7 elementor-absolute elementor-widget elementor-widget-rt-image\" data-id=\"d7033c7\" data-element_type=\"widget\" data-settings=\"{&quot;_position&quot;:&quot;absolute&quot;}\" data-widget_type=\"rt-image.default\">\n\t\t\t\t<div class=\"elementor-widget-container\">\n\t\t\t        <div class=\"rt-image-wrapper\">\n                            <img decoding=\"async\" class=\"rt-image pulsing lazyload\" data-src=\"https:\/\/themewant.com\/products\/wordpress\/hostie\/wp-content\/uploads\/2024\/03\/banner__business__mail__image-sm1.svg\" alt=\"image\" src=\"data:image\/svg+xml;base64,PHN2ZyB3aWR0aD0iMSIgaGVpZ2h0PSIxIiB4bWxucz0iaHR0cDovL3d3dy53My5vcmcvMjAwMC9zdmciPjwvc3ZnPg==\" \/>\n                    <\/div>\n    \t\t<\/div>\n\t\t\t\t<\/div>\n\t\t\t\t<div class=\"elementor-element elementor-element-4a4474a elementor-widget elementor-widget-image\" data-id=\"4a4474a\" data-element_type=\"widget\" data-widget_type=\"image.default\">\n\t\t\t\t<div class=\"elementor-widget-container\">\n\t\t\t\t\t\t\t\t\t\t\t\t\t<img fetchpriority=\"high\" decoding=\"async\" width=\"365\" height=\"364\" src=\"https:\/\/pulsehost.net\/wp-content\/uploads\/2024\/06\/migration.png\" class=\"attachment-large size-large wp-image-10967\" alt=\"\" srcset=\"https:\/\/pulsehost.net\/wp-content\/uploads\/2024\/06\/migration.png 365w, https:\/\/pulsehost.net\/wp-content\/uploads\/2024\/06\/migration-300x300.png 300w, https:\/\/pulsehost.net\/wp-content\/uploads\/2024\/06\/migration-150x150.png 150w, https:\/\/pulsehost.net\/wp-content\/uploads\/2024\/06\/migration-85x85.png 85w, https:\/\/pulsehost.net\/wp-content\/uploads\/2024\/06\/migration-80x80.png 80w, https:\/\/pulsehost.net\/wp-content\/uploads\/2024\/06\/migration-40x40.png 40w\" sizes=\"(max-width: 365px) 100vw, 365px\" \/>\t\t\t\t\t\t\t\t\t\t\t\t\t<\/div>\n\t\t\t\t<\/div>\n\t\t\t\t<\/div>\n\t\t\t\t\t<\/div>\n\t\t\t\t<\/div>\n\t\t\t\t<\/div>\n\t\t<div class=\"elementor-element elementor-element-185351c e-flex e-con-boxed e-con e-parent\" data-id=\"185351c\" data-element_type=\"container\">\n\t\t\t\t\t<div class=\"e-con-inner\">\n\t\t\t\t<div class=\"elementor-element elementor-element-889a6be elementor-widget elementor-widget-heading\" data-id=\"889a6be\" data-element_type=\"widget\" data-widget_type=\"heading.default\">\n\t\t\t\t<div class=\"elementor-widget-container\">\n\t\t\t<h2 class=\"elementor-heading-title elementor-size-default\">Keine Sorge. Der Umzug zu uns ist einfach. Buchen Sie einen Termin. Wir machen den Rest. <\/h2>\t\t<\/div>\n\t\t\t\t<\/div>\n\t\t\t\t<div class=\"elementor-element elementor-element-40fd9ef elementor-widget elementor-widget-menu-anchor\" data-id=\"40fd9ef\" data-element_type=\"widget\" data-widget_type=\"menu-anchor.default\">\n\t\t\t\t<div class=\"elementor-widget-container\">\n\t\t\t\t\t<div class=\"elementor-menu-anchor\" id=\"migration\"><\/div>\n\t\t\t\t<\/div>\n\t\t\t\t<\/div>\n\t\t\t\t\t<\/div>\n\t\t\t\t<\/div>\n\t\t<div class=\"elementor-element elementor-element-33a2351 e-grid e-con-boxed e-con e-parent\" data-id=\"33a2351\" data-element_type=\"container\">\n\t\t\t\t\t<div class=\"e-con-inner\">\n\t\t\t\t<div class=\"elementor-element elementor-element-83592ba elementor-widget elementor-widget-text-editor\" data-id=\"83592ba\" data-element_type=\"widget\" data-widget_type=\"text-editor.default\">\n\t\t\t\t<div class=\"elementor-widget-container\">\n\t\t\t\t\t\t\t<h4>Schritt 1 von 3: Bestellen Sie ein Hosting Paket bei uns<\/h4>\n<p>Klicken Sie hier:<\/p>\n<p><a href=\"https:\/\/portal.pulsehost.net\" target=\"_blank\" rel=\"noopener\">https:\/\/portal.pulsehost.net<\/a><\/p>\n<ul>\n<li>Gehen Sie zum Bezahlen. Select your desired hosting package and click &#8216;Order Now&#8217; to proceed to the next stage of the checkout process.<\/li>\n<li>Wenn Sie noch keinen Dom\u00e4nennamen haben, den Sie verwenden m\u00f6chten, k\u00f6nnen Sie die Option &#8220;Ich m\u00f6chte eine neue Dom\u00e4ne registrieren&#8221; verwenden, um die verf\u00fcgbaren Namen zu durchsuchen und einen in Ihren Warenkorb zu legen.<\/li>\n<\/ul>\n<p><strong><em>Oder:<\/em><\/strong><\/p>\n<ul>\n<li>Wenn Sie bereits einen Dom\u00e4nennamen haben, den Sie verwenden m\u00f6chten, w\u00e4hlen Sie die untere Option. &#8220;Ich werde die Nameserver meiner bestehenden Domain aktualisieren. (W\u00e4hlen Sie diese Option, wenn Sie Ihre Nameserver aktualisieren oder wenn Sie eine Website-Migration gebucht haben)&#8221;. Geben Sie dann Ihren bestehenden Dom\u00e4nennamen in das angezeigte Feld ein.  <\/li>\n<li>Wenn Sie mehrere Websites migrieren, geben Sie einfach Ihren Hauptdomainnamen ein. Unser Team wird Sie im weiteren Verlauf des Migrationsprozesses bei der \u00dcbertragung oder Aktualisierung Ihrer Domain unterst\u00fctzen. <\/li>\n<\/ul>\n\t\t\t\t\t\t<\/div>\n\t\t\t\t<\/div>\n\t\t\t\t<div class=\"elementor-element elementor-element-6cbc202 elementor-widget elementor-widget-image\" data-id=\"6cbc202\" data-element_type=\"widget\" data-widget_type=\"image.default\">\n\t\t\t\t<div class=\"elementor-widget-container\">\n\t\t\t\t\t\t\t\t\t\t\t\t\t<img decoding=\"async\" width=\"640\" height=\"400\" data-src=\"https:\/\/pulsehost.net\/wp-content\/uploads\/2024\/07\/pexels-kindelmedia-6995145.jpg\" class=\"attachment-full size-full wp-image-12099 lazyload\" alt=\"\" data-srcset=\"https:\/\/pulsehost.net\/wp-content\/uploads\/2024\/07\/pexels-kindelmedia-6995145.jpg 640w, https:\/\/pulsehost.net\/wp-content\/uploads\/2024\/07\/pexels-kindelmedia-6995145-300x188.jpg 300w\" data-sizes=\"(max-width: 640px) 100vw, 640px\" src=\"data:image\/svg+xml;base64,PHN2ZyB3aWR0aD0iMSIgaGVpZ2h0PSIxIiB4bWxucz0iaHR0cDovL3d3dy53My5vcmcvMjAwMC9zdmciPjwvc3ZnPg==\" style=\"--smush-placeholder-width: 640px; --smush-placeholder-aspect-ratio: 640\/400;\" \/>\t\t\t\t\t\t\t\t\t\t\t\t\t<\/div>\n\t\t\t\t<\/div>\n\t\t\t\t<div class=\"elementor-element elementor-element-fdd0471 elementor-widget elementor-widget-text-editor\" data-id=\"fdd0471\" data-element_type=\"widget\" data-widget_type=\"text-editor.default\">\n\t\t\t\t<div class=\"elementor-widget-container\">\n\t\t\t\t\t\t\t<h4>Schritt 2 von 3: Buchen Sie das Umzugsdatum<\/h4>\n<ul>\n<li><strong>Klicken Sie auf einen freien Slot<\/strong> indem Sie mit den Pfeilen durch die Monate navigieren, auf das gew\u00fcnschte Datum und die Zeit klicken oder tippen und dann das Kurzformular ausf\u00fcllen. Sie erhalten dann eine Best\u00e4tigungs-E-Mail. <\/li>\n<li>Please ensure that your <strong>old hosting plan is still active<\/strong> (i.e. mustn&#8217;t expired) for at least 48 hours after your migration date. Wenn Sie eine Domain \u00fcbertragen, muss dies mindestens 3 Tage vor Ablauf der G\u00fcltigkeit geschehen.<\/li>\n<li><strong>Neue freie Termine werden alle 24 h freigeschalten<\/strong>. Wenn Sie keine passende Uhrzeit\/Tag finden, senden Sie uns bitte eine E-Mail, um die Verf\u00fcgbarkeit zu anderen Zeiten zu erfragen! <\/li>\n<li>Sie m\u00fcssen nur in den <strong>ersten 5-10 Minuten Ihrer Migrationszeit<\/strong> online verf\u00fcgbar sein, damit der Support pr\u00fcfen kann, ob er die richtigen Anmeldedaten und den richtigen Zugang hat.<\/li>\n<li>Wir sind schnell ausgebucht, also melden Sie sich bitte an (es ist kostenlos!), auch wenn Sie sich heute noch nicht entscheiden wollen. <\/li>\n<li>Haben Sie mehrere Webseiten? <strong>Bitte buchen Sie einen Termin pro Seite.<\/strong> Wenn Sie 3 oder mehr Webseiten haben, kontaktieren Sie uns bitte vorher.<\/li>\n<\/ul>\n\t\t\t\t\t\t<\/div>\n\t\t\t\t<\/div>\n\t\t\t\t<div class=\"elementor-element elementor-element-3ab44c1 elementor-widget elementor-widget-shortcode\" data-id=\"3ab44c1\" data-element_type=\"widget\" data-widget_type=\"shortcode.default\">\n\t\t\t\t<div class=\"elementor-widget-container\">\n\t\t\t\t\t<div class=\"elementor-shortcode\"><iframe width='100%' height='850px' data-src='https:\/\/buchung.sallnet.com\/portal-embed#\/pulsehost' frameborder='0' allowfullscreen=''  src='data:image\/svg+xml;base64,PHN2ZyB3aWR0aD0iMSIgaGVpZ2h0PSIxIiB4bWxucz0iaHR0cDovL3d3dy53My5vcmcvMjAwMC9zdmciPjwvc3ZnPg==' class='lazyload' data-load-mode='1'> <\/iframe><\/div>\n\t\t\t\t<\/div>\n\t\t\t\t<\/div>\n\t\t\t\t<div class=\"elementor-element elementor-element-3eef19f elementor-widget elementor-widget-text-editor\" data-id=\"3eef19f\" data-element_type=\"widget\" data-widget_type=\"text-editor.default\">\n\t\t\t\t<div class=\"elementor-widget-container\">\n\t\t\t\t\t\t\t<h4>Schritt 3 von 3: Teilen Sie uns Ihre Anmeldedaten des alten Hostings mit.<\/h4>\n<p>Sie k\u00f6nnen ein Ticket in unserem Supportbereich erstellen.<\/p>\n<ul>\n<li>Please go to:<br \/><strong><a href=\"https:\/\/support.pulsehost.net\/portal\/en\/newticket\" target=\"_blank\" rel=\"noopener\">https:\/\/support.pulsehost.net<\/a>\n<p><\/strong><\/li>\n<li>Wir m\u00fcssen die Berechtigungsnachweise auf ihre G\u00fcltigkeit hin \u00fcberpr\u00fcfen und k\u00f6nnen direkt am Migrationstermin mit unserer Arbeit beginnen.<\/li>\n<\/ul>\n\t\t\t\t\t\t<\/div>\n\t\t\t\t<\/div>\n\t\t\t\t<div class=\"elementor-element elementor-element-3c2b416 elementor-widget elementor-widget-image\" data-id=\"3c2b416\" data-element_type=\"widget\" data-widget_type=\"image.default\">\n\t\t\t\t<div class=\"elementor-widget-container\">\n\t\t\t\t\t\t\t\t\t\t\t\t\t\t<a href=\"https:\/\/support.pulsehost.net\/portal\/en\/newticket\" target=\"_blank\">\n\t\t\t\t\t\t\t<img decoding=\"async\" width=\"640\" height=\"393\" data-src=\"https:\/\/pulsehost.net\/wp-content\/uploads\/2024\/07\/support-1-1024x629.png\" class=\"attachment-large size-large wp-image-11604 lazyload\" alt=\"\" data-srcset=\"https:\/\/pulsehost.net\/wp-content\/uploads\/2024\/07\/support-1-1024x629.png 1024w, https:\/\/pulsehost.net\/wp-content\/uploads\/2024\/07\/support-1-300x184.png 300w, https:\/\/pulsehost.net\/wp-content\/uploads\/2024\/07\/support-1-768x472.png 768w, https:\/\/pulsehost.net\/wp-content\/uploads\/2024\/07\/support-1-425x260.png 425w, https:\/\/pulsehost.net\/wp-content\/uploads\/2024\/07\/support-1.png 1216w\" data-sizes=\"(max-width: 640px) 100vw, 640px\" src=\"data:image\/svg+xml;base64,PHN2ZyB3aWR0aD0iMSIgaGVpZ2h0PSIxIiB4bWxucz0iaHR0cDovL3d3dy53My5vcmcvMjAwMC9zdmciPjwvc3ZnPg==\" style=\"--smush-placeholder-width: 640px; --smush-placeholder-aspect-ratio: 640\/393;\" \/>\t\t\t\t\t\t\t\t<\/a>\n\t\t\t\t\t\t\t\t\t\t\t\t\t<\/div>\n\t\t\t\t<\/div>\n\t\t\t\t\t<\/div>\n\t\t\t\t<\/div>\n\t\t<div class=\"elementor-element elementor-element-966bec0 e-flex e-con-boxed e-con e-parent\" data-id=\"966bec0\" data-element_type=\"container\" data-settings=\"{&quot;background_background&quot;:&quot;classic&quot;}\">\n\t\t\t\t\t<div class=\"e-con-inner\">\n\t\t<div class=\"elementor-element elementor-element-12e2e42 e-flex e-con-boxed e-con e-child\" data-id=\"12e2e42\" data-element_type=\"container\">\n\t\t\t\t\t<div class=\"e-con-inner\">\n\t\t<div class=\"elementor-element elementor-element-54eeaba e-flex e-con-boxed e-con e-child\" data-id=\"54eeaba\" data-element_type=\"container\">\n\t\t\t\t\t<div class=\"e-con-inner\">\n\t\t\t\t<div class=\"elementor-element elementor-element-e10f514 elementor-widget elementor-widget-react-heading\" data-id=\"e10f514\" data-element_type=\"widget\" data-widget_type=\"react-heading.default\">\n\t\t\t\t<div class=\"elementor-widget-container\">\n\t\t\t\r\n\t\t<div data-sal=\"slide-down\" data-sal-delay=\"300\" data-sal-duration=\"800\"  class=\"react-heading slide-down default \nWarning: Undefined array key \"align\" in \/home\/httpd\/vhosts\/sallnet.com\/pulsehost.net\/wp-content\/plugins\/rt-elements\/widgets\/heading\/heading.php on line 1651\n title-border-no\">\r\n\t\t\t<div class=\"title-inner no\">\r\n\t\t\t\t<h3 class=\"title word-line\">Engagiertes Migrationsteam<\/h3>\r\n\r\n\t\t\t<\/div>\r\n\t\t\t\t\t\t\t\t\t\t<div  class=\"content\">\r\n\t\t\t\t\t\t\t\t\t\t<p class=\"description\">\r\n\t\t\t\t\t\tWir f\u00fchren Ihre Migration problemlos durch und f\u00fchren vor der \u00dcbergabe an Sie einige Tests durch. Keine Kopfschmerzen oder Sorgen - unsere Migrationsexperten erledigen das zu 100 %. \t\t\t\t\t<\/p>\r\n\t\t\t\t<\/div>\r\n\t\t\t\t\t\t\t\t\t\t\t\t\r\n\t\t<\/div>\r\n\r\n\t\t<script>\r\n\r\n\t\t\tjQuery(document).ready(function(){\r\n\r\n\t\t\tlet addAnimation = function () {\r\n\t\t\tjQuery(\".skew-up\").each(function (index) {\r\n\t\t\t\tconst text = new SplitType(jQuery(this), {\r\n\t\t\t\ttypes: \"lines, words\",\r\n\t\t\t\tlineClass: \"word-line\"\r\n\t\t\t\t});    let textInstance = jQuery(this);\r\n\t\t\t\tlet line = textInstance.find(\".word-line\");\r\n\t\t\t\tlet word = line.find(\".word\");    \r\n\t\t\t\t\r\n\t\t\t\tlet tl = gsap.timeline({\r\n\t\t\t\tscrollTrigger: {\r\n\t\t\t\t\ttrigger: textInstance,\r\n\t\t\t\t\tstart: \"top 85%\",\r\n\t\t\t\t\tend: \"top 100%\",\r\n\t\t\t\t\tonComplete: function () {\r\n\t\t\t\t\tjQuery(textInstance).removeClass(\"skew-up\");\r\n\t\t\t\t\t}\r\n\t\t\t\t}\r\n\t\t\t\t});    tl.set(textInstance, { opacity: 1 }).from(word, {\r\n\t\t\t\ty: \"100%\",\r\n\t\t\t\tskewX: \"+5\",\r\n\t\t\t\tduration: 2,\r\n\t\t\t\tstagger: 0.03,\r\n\t\t\t\tease: \"expo.out\"\r\n\t\t\t\t});\r\n\t\t\t});\r\n\r\n\t\t\t};addAnimation();window.addEventListener(\"resize\", function (event) {\r\n\t\t\t\tif (jQuery(window).width() >= 992) {addAnimation(); }\r\n\t\t\t});\r\n\r\n\r\n\t\t\t\r\n\r\n\t\t});\r\n   \r\n\t\t<\/script>\r\n\t\t<\/div>\n\t\t\t\t<\/div>\n\t\t\t\t<div class=\"elementor-element elementor-element-7330df8 elementor-widget elementor-widget-rtfeatureslist\" data-id=\"7330df8\" data-element_type=\"widget\" data-widget_type=\"rtfeatureslist.default\">\n\t\t\t\t<div class=\"elementor-widget-container\">\n\t\t\t \n        \n\n        <div class=\"rs-features-list-content\">        \n\n                                    <ul class=\"rs-features-list\">\n                                                    <li class=\"elementor-repeater-item-58413f9 d-flex\" data-sal=\"none\" data-sal-delay=\"0\" data-sal-duration=\"800\">\n                                <div class=\"icon\">\n                                                                            <svg aria-hidden=\"true\" class=\"e-font-icon-svg e-fas-check-circle\" viewBox=\"0 0 512 512\" xmlns=\"http:\/\/www.w3.org\/2000\/svg\"><path d=\"M504 256c0 136.967-111.033 248-248 248S8 392.967 8 256 119.033 8 256 8s248 111.033 248 248zM227.314 387.314l184-184c6.248-6.248 6.248-16.379 0-22.627l-22.627-22.627c-6.248-6.249-16.379-6.249-22.628 0L216 308.118l-70.059-70.059c-6.248-6.248-16.379-6.248-22.628 0l-22.627 22.627c-6.248 6.248-6.248 16.379 0 22.627l104 104c6.249 6.249 16.379 6.249 22.628.001z\"><\/path><\/svg>                                                                    <\/div>\n                                <div class=\"title-desc\">\n                                    <a href=\"#\">\n                                        <span class=\"rs-feature-text\">24\/7 Ticket support<\/span>  \n                                    <\/a>\n                                      \n                                <\/div>\n                            <\/li>\n                                                    <li class=\"elementor-repeater-item-14c5a7e d-flex\" data-sal=\"none\" data-sal-delay=\"0\" data-sal-duration=\"800\">\n                                <div class=\"icon\">\n                                                                            <svg aria-hidden=\"true\" class=\"e-font-icon-svg e-fas-check-circle\" viewBox=\"0 0 512 512\" xmlns=\"http:\/\/www.w3.org\/2000\/svg\"><path d=\"M504 256c0 136.967-111.033 248-248 248S8 392.967 8 256 119.033 8 256 8s248 111.033 248 248zM227.314 387.314l184-184c6.248-6.248 6.248-16.379 0-22.627l-22.627-22.627c-6.248-6.249-16.379-6.249-22.628 0L216 308.118l-70.059-70.059c-6.248-6.248-16.379-6.248-22.628 0l-22.627 22.627c-6.248 6.248-6.248 16.379 0 22.627l104 104c6.249 6.249 16.379 6.249 22.628.001z\"><\/path><\/svg>                                                                    <\/div>\n                                <div class=\"title-desc\">\n                                    <a href=\"#\">\n                                        <span class=\"rs-feature-text\">Unsere Experten werden w\u00e4hrend der Migration erreichbar sein<\/span>  \n                                    <\/a>\n                                      \n                                <\/div>\n                            <\/li>\n                                                    <li class=\"elementor-repeater-item-67cdd40 d-flex\" data-sal=\"none\" data-sal-delay=\"0\" data-sal-duration=\"800\">\n                                <div class=\"icon\">\n                                                                            <svg aria-hidden=\"true\" class=\"e-font-icon-svg e-fas-check-circle\" viewBox=\"0 0 512 512\" xmlns=\"http:\/\/www.w3.org\/2000\/svg\"><path d=\"M504 256c0 136.967-111.033 248-248 248S8 392.967 8 256 119.033 8 256 8s248 111.033 248 248zM227.314 387.314l184-184c6.248-6.248 6.248-16.379 0-22.627l-22.627-22.627c-6.248-6.249-16.379-6.249-22.628 0L216 308.118l-70.059-70.059c-6.248-6.248-16.379-6.248-22.628 0l-22.627 22.627c-6.248 6.248-6.248 16.379 0 22.627l104 104c6.249 6.249 16.379 6.249 22.628.001z\"><\/path><\/svg>                                                                    <\/div>\n                                <div class=\"title-desc\">\n                                    <a href=\"#\">\n                                        <span class=\"rs-feature-text\">Erfahrung in \u00fcber 1500 Migrationen<\/span>  \n                                    <\/a>\n                                      \n                                <\/div>\n                            <\/li>\n                                            <\/ul>\n                            \n        <\/div>\n        \t\t<\/div>\n\t\t\t\t<\/div>\n\t\t\t\t<div class=\"elementor-element elementor-element-a3ab6e6 elementor-widget elementor-widget-rts-btn\" data-id=\"a3ab6e6\" data-element_type=\"widget\" data-widget_type=\"rts-btn.default\">\n\t\t\t\t<div class=\"elementor-widget-container\">\n\t\t\t\t\r\n\t\t\r\n\t\t<div class=\"rts-btn-wrapper  hide-sticky\">\r\n\t\t\t\t\t\t<a class=\"rts-btn \nWarning: Undefined array key \"align\" in \/home\/httpd\/vhosts\/sallnet.com\/pulsehost.net\/wp-content\/plugins\/rt-elements\/widgets\/button\/button.php on line 622\n primary__btn md__btn\" href=\"https:\/\/support.pulsehost.net\/portal\/en\/newticket\" target=_blank>\t\t\t\t\r\n\t\t\t\r\n\t\t\t\t\r\n\t\t\t<span class=\"btn_text\">\u00d6ffnen Sie ein Ticket<\/span>\r\n\t\t\t\t\t\t\t\t\t\t\t\t\t\r\n\t\t\t\t\t\t\t<\/a>\r\n\t\t\t\t\t<\/div>    \r\n\t\t\t<\/div>\n\t\t\t\t<\/div>\n\t\t\t\t\t<\/div>\n\t\t\t\t<\/div>\n\t\t<div class=\"elementor-element elementor-element-86f480a e-flex e-con-boxed e-con e-child\" data-id=\"86f480a\" data-element_type=\"container\">\n\t\t\t\t\t<div class=\"e-con-inner\">\n\t\t\t\t<div class=\"elementor-element elementor-element-7bacccb elementor-widget elementor-widget-image\" data-id=\"7bacccb\" data-element_type=\"widget\" data-widget_type=\"image.default\">\n\t\t\t\t<div class=\"elementor-widget-container\">\n\t\t\t\t\t\t\t\t\t\t\t\t\t<img decoding=\"async\" width=\"1\" height=\"1\" data-src=\"https:\/\/pulsehost.net\/wp-content\/uploads\/2024\/07\/support__image.svg\" class=\"attachment-large size-large wp-image-11618 lazyload\" alt=\"\" src=\"data:image\/svg+xml;base64,PHN2ZyB3aWR0aD0iMSIgaGVpZ2h0PSIxIiB4bWxucz0iaHR0cDovL3d3dy53My5vcmcvMjAwMC9zdmciPjwvc3ZnPg==\" style=\"--smush-placeholder-width: 1px; --smush-placeholder-aspect-ratio: 1\/1;\" \/>\t\t\t\t\t\t\t\t\t\t\t\t\t<\/div>\n\t\t\t\t<\/div>\n\t\t\t\t\t<\/div>\n\t\t\t\t<\/div>\n\t\t\t\t\t<\/div>\n\t\t\t\t<\/div>\n\t\t\t\t\t<\/div>\n\t\t\t\t<\/div>\n\t\t\t\t<\/div>\n\t\t","protected":false},"excerpt":{"rendered":"<p>Migration Ihrer Webseite Wie wir Ihre Webseite zu PULSEHOST umziehen Ein paar einfache Schritte, um zu uns zu migrieren. Wir machen die Arbeit, Sie k\u00f6nnen genie\u00dfen. Buchen Sie den Umzug jetzt. Keine Sorge. Der Umzug zu uns ist einfach. Buchen Sie einen Termin. Wir machen den Rest. Schritt 1 von 3: Bestellen Sie ein Hosting&#8230;<\/p>\n","protected":false},"author":1,"featured_media":0,"parent":0,"menu_order":0,"comment_status":"closed","ping_status":"closed","template":"elementor_header_footer","meta":{"inline_featured_image":false,"footnotes":""},"class_list":["post-12321","page","type-page","status-publish","hentry"],"_links":{"self":[{"href":"https:\/\/pulsehost.net\/de\/wp-json\/wp\/v2\/pages\/12321","targetHints":{"allow":["GET"]}}],"collection":[{"href":"https:\/\/pulsehost.net\/de\/wp-json\/wp\/v2\/pages"}],"about":[{"href":"https:\/\/pulsehost.net\/de\/wp-json\/wp\/v2\/types\/page"}],"author":[{"embeddable":true,"href":"https:\/\/pulsehost.net\/de\/wp-json\/wp\/v2\/users\/1"}],"replies":[{"embeddable":true,"href":"https:\/\/pulsehost.net\/de\/wp-json\/wp\/v2\/comments?post=12321"}],"version-history":[{"count":54,"href":"https:\/\/pulsehost.net\/de\/wp-json\/wp\/v2\/pages\/12321\/revisions"}],"predecessor-version":[{"id":12778,"href":"https:\/\/pulsehost.net\/de\/wp-json\/wp\/v2\/pages\/12321\/revisions\/12778"}],"wp:attachment":[{"href":"https:\/\/pulsehost.net\/de\/wp-json\/wp\/v2\/media?parent=12321"}],"curies":[{"name":"wp","href":"https:\/\/api.w.org\/{rel}","templated":true}]}}